{"id":2,"date":"2016-08-14T16:03:47","date_gmt":"2016-08-14T16:03:47","guid":{"rendered":"https:\/\/www.rodinux.fr\/?page_id=2"},"modified":"2025-03-13T05:03:33","modified_gmt":"2025-03-13T04:03:33","slug":"accueil","status":"publish","type":"page","link":"https:\/\/www.rodinux.fr\/blog\/","title":{"rendered":"Accueil"},"content":{"rendered":"\n<h2 class=\"wp-block-heading\">Rodinux qu&rsquo;est-ce que c&rsquo;est ?<\/h2>\n\n\n\n<p>Juste un blog o\u00f9 je partage mes exp\u00e9riences autours des <strong>logiciels libres<\/strong> et du syst\u00e8me d&rsquo;exploitation <a href=\"https:\/\/www.gnu.org\/home.fr.html\" target=\"_blank\" rel=\"noopener noreferrer\"><strong>GNU\/Linux<\/strong><\/a>.<br>Je suis passionn\u00e9 depuis quelques ann\u00e9es par la philosophie de libert\u00e9s qui me semble si essentielle pour l&rsquo;outil informatique et par la diversit\u00e9, la richesse des distributions GNU\/Linux. C&rsquo;est comme une bio-diversit\u00e9 \u00e9cologique qui se d\u00e9veloppe sans-cesse dans cet \u00e9cosyst\u00e8me des logiciels libres, qui aime les choses bien fa\u00eetes avec beaucoup d&rsquo;humanit\u00e9 ( m\u00eame si j&rsquo;id\u00e9alise un peu, car le monde n&rsquo;est pas toujours rose, mais vous le savez).<br>Donc, juste pour apporter mon humble grain de sel dans ce monde gigantesque, je partagerai mes d\u00e9couvertes, mes astuces et mes coups de c\u0153ur pour apprendre \u00e0 se lib\u00e9rer des syst\u00e8mes propri\u00e9taires (autant que possible).<br>Les logiciels libres sont encore m\u00e9connus du grand public du \u00e0 la monopolisation des grands lobbies comme Microsoft et Apple dans les nouvelles technologies et pourtant ils sont partout. Sans eux, le Web ne fonctionnerait pas, les banques, les avions, non plus. L\u2019\u00e9volution d&rsquo;internet et des langages informatiques ont \u00e9volu\u00e9s en grande partie gr\u00e2ce \u00e0 eux.<br>Pourtant, sans le savoir, vous en utilisez s\u00fbrement sans le savoir ou conna\u00eetre ses principes, par exemple avec des logiciels comme Firefox, VLC, Gimp, LibreOffice&#8230;<\/p>\n\n\n\n<h2 class=\"wp-block-heading\">Qu&rsquo;est-ce qu&rsquo;un logiciel libre ?<\/h2>\n\n\n\n<blockquote class=\"wp-block-quote is-layout-flow wp-block-quote-is-layout-flow\">\n<p>Un logiciel libre est un logiciel garantissant un certain nombre <strong class=\"spip\">de libert\u00e9s<\/strong> \u00e0 ses utilisateurs.<\/p>\n\n\n\n<p>Nous allons proc\u00e9der par analogie en comparant le code source d\u2019un logiciel \u00e0 une recette de cuisine.<\/p>\n\n\n\n<p>Imaginons que vous vous trouvez dans un restaurant et que vous mangez un excellent plat. Peut-\u00eatre aurez-vous l\u2019envie de pouvoir le cuisiner chez vous pour vos amis ?<\/p>\n\n\n\n<p>C\u2019est impossible si vous n\u2019avez pas la recette du plat. Vous pouvez toujours le manger dans le restaurant, mais m\u00eame si vous connaissez le go\u00fbt, vous ne savez comment le reproduire. La libert\u00e9 d\u2019\u00e9changer des recettes de cuisine est essentielle pour les cuisiniers comme pour les simples gourmets.<\/p>\n\n\n\n<p>En informatique, il en va de m\u00eame pour un logiciel. Le <strong class=\"spip\">code source<\/strong> est la recette, le <strong class=\"spip\">binaire<\/strong> est le plat d\u00e9j\u00e0 cuisin\u00e9. La plupart des logiciels dits logiciels propri\u00e9taires sont distribu\u00e9s sans leur code source et il est interdit d\u2019essayer de comprendre leur fonctionnement, de les partager avec vos amis ou d\u2019essayer de les modifier pour les adapter \u00e0 vos besoins.<\/p>\n\n\n\n<p>Au contraire, un logiciel libre vous garantit quatre niveaux de libert\u00e9s :<\/p>\n\n\n\n<ul class=\"wp-block-list\">\n<li><strong class=\"spip\">utilisation<\/strong> : la libert\u00e9 d\u2019utiliser\/ex\u00e9cuter le logiciel pour quelque usage que ce soit.<\/li>\n\n\n\n<li><strong class=\"spip\">\u00e9tude<\/strong> : la libert\u00e9 d\u2019\u00e9tudier le fonctionnement du programme, et de l\u2019adapter \u00e0 vos besoins.<\/li>\n\n\n\n<li><strong class=\"spip\">redistribution<\/strong> : la libert\u00e9 de redistribuer des copies.<\/li>\n\n\n\n<li><strong class=\"spip\">modification<\/strong> : la libert\u00e9 d\u2019am\u00e9liorer le programme, et de rendre publiques vos am\u00e9liorations de telle sorte que la communaut\u00e9 tout enti\u00e8re en b\u00e9n\u00e9ficie.<\/li>\n<\/ul>\n\n\n\n<p>Ce sont des libert\u00e9s fondamentales \u00e0 l\u2019utilisation de l\u2019informatique, \u00e0 la cr\u00e9ation et au partage des informations. Les logiciels libres sont avant tout porteurs de libert\u00e9 de partage et d\u2019acc\u00e8s \u00e0 la connaissance.<\/p>\n\n\n\n<p>Elles sont bien s\u00fbr essentielles aux informaticiens, mais aussi aux utilisateurs, auxquels elles fournissent une ma\u00eetrise des outils et des informations, en emp\u00eachant toute d\u00e9pendance permanente vis-\u00e0-vis d\u2019un quelconque \u00e9diteur de logiciels.<br>(source: <a href=\"https:\/\/framasoft.org\/article3338.html\" target=\"_blank\" rel=\"noopener noreferrer\">qu&rsquo;est-ce qu&rsquo;un logiciel libre ?<\/a>)<\/p>\n<\/blockquote>\n\n\n\n<h3 class=\"wp-block-heading\">Une vid\u00e9o qui r\u00e9sume bien cette argumentation (en anglais) :<\/h3>\n\n\n\n<div class=\"su-youtube su-u-responsive-media-yes\"><iframe loading=\"lazy\" width=\"600\" height=\"400\" src=\"https:\/\/www.youtube.com\/embed\/lUj1j-E3yrQ?autohide=2&amp;autoplay=0&amp;mute=0&amp;controls=1&amp;fs=1&amp;loop=0&amp;modestbranding=1&amp;rel=0&amp;showinfo=1&amp;theme=dark&amp;wmode=&amp;playsinline=0\" frameborder=\"0\" allowfullscreen allow=\"autoplay; encrypted-media; picture-in-picture\" title=\"User Liberation, an animation created for the FSF 30thd birthday \"><\/iframe><\/div>\n\n\n\n<p>(Note : pour voir cette vid\u00e9o avec des sous-titres en fran\u00e7ais, cliquez sur l&rsquo;ic\u00f4ne sous-titres avec un clavier)<br><br>Ce site est fi\u00e8rement propuls\u00e9 par <a href=\"https:\/\/fr.wordpress.com\/\" target=\"_blank\" rel=\"noopener noreferrer\">WordPress<\/a> et fi\u00e8rement <a href=\"http:\/\/www.auto-hebergement.fr\/\" target=\"_blank\" rel=\"noopener noreferrer\">auto-h\u00e9berg\u00e9<\/a> par mes soins gr\u00e2ce \u00e0 <a href=\"https:\/\/yunohost.org\/#\/\" target=\"_blank\" rel=\"noopener noreferrer\">Yunohost<\/a>. Cela veut dire qu&rsquo;il est chez moi physiquement et qu&rsquo;il me suffit d&rsquo;\u00e9teindre le bouton pour l&rsquo;\u00e9teindre. Bien s\u00fbr avec ces contraintes, cela demande de s&rsquo;en occuper et si il y a une coupure de courant, tout s&rsquo;\u00e9teint. Mais quel plaisir de ma\u00eetriser ces donn\u00e9es !<br>Je suis aussi l&rsquo;initiateur d&rsquo;une association <a href=\"http:\/\/linux07.aufildudoux.fr\/\" target=\"_blank\" rel=\"noopener noreferrer\">Linux07<\/a> pour aider, se rencontrer et d\u00e9couvrir GNU\/Linux en Ard\u00e8che pr\u00e8s de Lamastre (les articles de ce site y sont dupliqu\u00e9s).<\/p>\n\n\n\n<h2 class=\"wp-block-heading\">Derniers Articles<\/h2>\n\n\n\n\n<div class=\"su-posts su-posts-default-loop \">\n\n\t\n\t\t\t\t\t\n\t\t\t\n\t\t\t<div id=\"su-post-57221\" class=\"su-post \">\n\n\t\t\t\t\n\t\t\t\t<h2 class=\"su-post-title\"><a href=\"https:\/\/www.rodinux.fr\/blog\/yunohost-migration-vers-un-raspberry-pi-4-2\/\">YuNoHost migration vers un Raspberry Pi 4<\/a><\/h2>\n\n\t\t\t\t<div class=\"su-post-meta\">\n\t\t\t\t\tPubli\u00e9: ao\u00fbt 9, 2020\t\t\t\t<\/div>\n\n\t\t\t\t<div class=\"su-post-excerpt\">\n\t\t\t\t\t<p>Mon serveur (auto-h\u00e9berg\u00e9 avec un Orange Pi 2+) avait un petit peu du mal \u00e0 rester stable, s\u00fbrement d\u00fb au fait que je lui demandait trop de ressources en ayant ajout\u00e9 un n\u0153ud Duniter (mirroir de la blockchain de la<\/p>\n\t\t\t\t<\/div>\n\n\t\t\t\t\t\t\t\t\t<a href=\"https:\/\/www.rodinux.fr\/blog\/yunohost-migration-vers-un-raspberry-pi-4-2\/#respond\" class=\"su-post-comments-link\">0 commentaire<\/a>\n\t\t\t\t\n\t\t\t<\/div>\n\n\t\t\t\t\t\n\t\t\t\n\t\t\t<div id=\"su-post-57220\" class=\"su-post \">\n\n\t\t\t\t\t\t\t\t\t<a class=\"su-post-thumbnail\" href=\"https:\/\/www.rodinux.fr\/blog\/yunohost-et-orange-pi-plus2-suite-2\/\"><img loading=\"lazy\" decoding=\"async\" width=\"724\" height=\"361\" src=\"https:\/\/www.rodinux.fr\/blog\/wp-content\/uploads\/2018\/08\/Capture-du-2018-08-18-11-25-06-1.png\" class=\"attachment-post-thumbnail size-post-thumbnail wp-post-image\" alt=\"\" srcset=\"https:\/\/www.rodinux.fr\/blog\/wp-content\/uploads\/2018\/08\/Capture-du-2018-08-18-11-25-06-1.png 724w, https:\/\/www.rodinux.fr\/blog\/wp-content\/uploads\/2018\/08\/Capture-du-2018-08-18-11-25-06-1-300x150.png 300w\" sizes=\"(max-width: 724px) 100vw, 724px\" \/><\/a>\n\t\t\t\t\n\t\t\t\t<h2 class=\"su-post-title\"><a href=\"https:\/\/www.rodinux.fr\/blog\/yunohost-et-orange-pi-plus2-suite-2\/\">Yunohost et Orange Pi Plus2 (suite)<\/a><\/h2>\n\n\t\t\t\t<div class=\"su-post-meta\">\n\t\t\t\t\tPubli\u00e9: ao\u00fbt 18, 2018\t\t\t\t<\/div>\n\n\t\t\t\t<div class=\"su-post-excerpt\">\n\t\t\t\t\t<p>Un nouvel article sur la mise en place d&rsquo;un serveur auto-h\u00e9berg\u00e9 Yunohost avec un Orange Pi Plus2 me semble pertinent. D&rsquo;abord, apr\u00e8s une relecture de mon pr\u00e9c\u00e9dent article Yunohost: transfert sur un Orange Pi2 Plus o\u00f9 je migrait mon serveur<\/p>\n\t\t\t\t<\/div>\n\n\t\t\t\t\t\t\t\t\t<a href=\"https:\/\/www.rodinux.fr\/blog\/yunohost-et-orange-pi-plus2-suite-2\/#respond\" class=\"su-post-comments-link\">0 commentaire<\/a>\n\t\t\t\t\n\t\t\t<\/div>\n\n\t\t\t\t\t\n\t\t\t\n\t\t\t<div id=\"su-post-57218\" class=\"su-post \">\n\n\t\t\t\t\t\t\t\t\t<a class=\"su-post-thumbnail\" href=\"https:\/\/www.rodinux.fr\/blog\/yunohost-migration-vers-debian-9-stretch-sur-orange-pi-plus2\/\"><img loading=\"lazy\" decoding=\"async\" width=\"809\" height=\"286\" src=\"https:\/\/www.rodinux.fr\/blog\/wp-content\/uploads\/2018\/07\/Capture-du-2018-07-07-16-33-28.png\" class=\"attachment-post-thumbnail size-post-thumbnail wp-post-image\" alt=\"\" srcset=\"https:\/\/www.rodinux.fr\/blog\/wp-content\/uploads\/2018\/07\/Capture-du-2018-07-07-16-33-28.png 809w, https:\/\/www.rodinux.fr\/blog\/wp-content\/uploads\/2018\/07\/Capture-du-2018-07-07-16-33-28-300x106.png 300w, https:\/\/www.rodinux.fr\/blog\/wp-content\/uploads\/2018\/07\/Capture-du-2018-07-07-16-33-28-768x272.png 768w\" sizes=\"(max-width: 809px) 100vw, 809px\" \/><\/a>\n\t\t\t\t\n\t\t\t\t<h2 class=\"su-post-title\"><a href=\"https:\/\/www.rodinux.fr\/blog\/yunohost-migration-vers-debian-9-stretch-sur-orange-pi-plus2\/\">Yunohost: migration vers Debian 9 Stretch sur Orange Pi Plus2<\/a><\/h2>\n\n\t\t\t\t<div class=\"su-post-meta\">\n\t\t\t\t\tPubli\u00e9: juillet 7, 2018\t\t\t\t<\/div>\n\n\t\t\t\t<div class=\"su-post-excerpt\">\n\t\t\t\t\t<p>Cela fait un moment que la communaut\u00e9 de Yunohost songe \u00e0 passer \u00e0 Debian Stretch. H\u00e9 bien depuis le 17 Juin, la nouvelle release de Yunohost 3.0 est dans les tiroirs. Et comme ils ne font les choses \u00e0 moiti\u00e9,<\/p>\n\t\t\t\t<\/div>\n\n\t\t\t\t\t\t\t\t\t<a href=\"https:\/\/www.rodinux.fr\/blog\/yunohost-migration-vers-debian-9-stretch-sur-orange-pi-plus2\/#respond\" class=\"su-post-comments-link\">0 commentaire<\/a>\n\t\t\t\t\n\t\t\t<\/div>\n\n\t\t\t\t\t\n\t\t\t\n\t\t\t<div id=\"su-post-57057\" class=\"su-post \">\n\n\t\t\t\t\t\t\t\t\t<a class=\"su-post-thumbnail\" href=\"https:\/\/www.rodinux.fr\/blog\/yunohost-transfert-sur-un-orange-pi2-plus\/\"><img loading=\"lazy\" decoding=\"async\" width=\"974\" height=\"303\" src=\"https:\/\/www.rodinux.fr\/blog\/wp-content\/uploads\/2018\/02\/Capture-du-2018-02-22-22-17-08-1.png\" class=\"attachment-post-thumbnail size-post-thumbnail wp-post-image\" alt=\"\" srcset=\"https:\/\/www.rodinux.fr\/blog\/wp-content\/uploads\/2018\/02\/Capture-du-2018-02-22-22-17-08-1.png 974w, https:\/\/www.rodinux.fr\/blog\/wp-content\/uploads\/2018\/02\/Capture-du-2018-02-22-22-17-08-1-300x93.png 300w, https:\/\/www.rodinux.fr\/blog\/wp-content\/uploads\/2018\/02\/Capture-du-2018-02-22-22-17-08-1-768x239.png 768w\" sizes=\"(max-width: 974px) 100vw, 974px\" \/><\/a>\n\t\t\t\t\n\t\t\t\t<h2 class=\"su-post-title\"><a href=\"https:\/\/www.rodinux.fr\/blog\/yunohost-transfert-sur-un-orange-pi2-plus\/\">Yunohost: transfert sur un Orange Pi2 Plus<\/a><\/h2>\n\n\t\t\t\t<div class=\"su-post-meta\">\n\t\t\t\t\tPubli\u00e9: f\u00e9vrier 22, 2018\t\t\t\t<\/div>\n\n\t\t\t\t<div class=\"su-post-excerpt\">\n\t\t\t\t\t<p>Voil\u00e0 bien des ann\u00e9es que j&rsquo;utilise Yunohost (depuis ces d\u00e9buts avec sa version v1) pour h\u00e9berger un petit serveur chez moi. J&rsquo;ai commenc\u00e9 avec un ordinausore qui avec 750Mo de ram et vieux processeur, mais il marchait que diable !<\/p>\n\t\t\t\t<\/div>\n\n\t\t\t\t\t\t\t\t\t<a href=\"https:\/\/www.rodinux.fr\/blog\/yunohost-transfert-sur-un-orange-pi2-plus\/#respond\" class=\"su-post-comments-link\">0 commentaire<\/a>\n\t\t\t\t\n\t\t\t<\/div>\n\n\t\t\t\t\t\n\t\t\t\n\t\t\t<div id=\"su-post-56997\" class=\"su-post \">\n\n\t\t\t\t\t\t\t\t\t<a class=\"su-post-thumbnail\" href=\"https:\/\/www.rodinux.fr\/blog\/emmabuntus-debian-edition\/\"><img loading=\"lazy\" decoding=\"async\" width=\"1024\" height=\"819\" src=\"https:\/\/www.rodinux.fr\/blog\/wp-content\/uploads\/2016\/08\/Capture-decran-03082016-005858.png\" class=\"attachment-post-thumbnail size-post-thumbnail wp-post-image\" alt=\"Bureau EmmaDE\" srcset=\"https:\/\/www.rodinux.fr\/blog\/wp-content\/uploads\/2016\/08\/Capture-decran-03082016-005858.png 1024w, https:\/\/www.rodinux.fr\/blog\/wp-content\/uploads\/2016\/08\/Capture-decran-03082016-005858-300x240.png 300w, https:\/\/www.rodinux.fr\/blog\/wp-content\/uploads\/2016\/08\/Capture-decran-03082016-005858-768x614.png 768w\" sizes=\"(max-width: 1024px) 100vw, 1024px\" \/><\/a>\n\t\t\t\t\n\t\t\t\t<h2 class=\"su-post-title\"><a href=\"https:\/\/www.rodinux.fr\/blog\/emmabuntus-debian-edition\/\">Emmabunt\u00fcs Debian Edition<\/a><\/h2>\n\n\t\t\t\t<div class=\"su-post-meta\">\n\t\t\t\t\tPubli\u00e9: ao\u00fbt 19, 2016\t\t\t\t<\/div>\n\n\t\t\t\t<div class=\"su-post-excerpt\">\n\t\t\t\t\t<p>Une distribution qui peut redonner vie \u00e0 de vieux ordinateurs tr\u00e8s compl\u00e8te. L&rsquo;\u00e9quipe d&rsquo;Emmabunt\u00fcs\u00a0a d\u00e9cid\u00e9 de faire une distribution \u00e0 partir de Debian pour la simple raison que la distribution Ubuntu ne va plus maintenir de versions pour les vielles<\/p>\n\t\t\t\t<\/div>\n\n\t\t\t\t\t\t\t\t\t<a href=\"https:\/\/www.rodinux.fr\/blog\/emmabuntus-debian-edition\/#comments\" class=\"su-post-comments-link\">2 comments<\/a>\n\t\t\t\t\n\t\t\t<\/div>\n\n\t\t\n\t\n<\/div>\n\n","protected":false},"excerpt":{"rendered":"<p>Rodinux qu&rsquo;est-ce que c&rsquo;est ? Juste un blog o\u00f9 je partage mes exp\u00e9riences autours des logiciels libres et du syst\u00e8me d&rsquo;exploitation GNU\/Linux.Je suis passionn\u00e9 depuis quelques ann\u00e9es par la philosophie de libert\u00e9s qui me semble si essentielle pour l&rsquo;outil informatique<\/p>\n","protected":false},"author":1,"featured_media":0,"parent":0,"menu_order":0,"comment_status":"open","ping_status":"closed","template":"","meta":{"footnotes":""},"class_list":["post-2","page","type-page","status-publish","hentry"],"aioseo_notices":[],"_links":{"self":[{"href":"https:\/\/www.rodinux.fr\/blog\/wp-json\/wp\/v2\/pages\/2"}],"collection":[{"href":"https:\/\/www.rodinux.fr\/blog\/wp-json\/wp\/v2\/pages"}],"about":[{"href":"https:\/\/www.rodinux.fr\/blog\/wp-json\/wp\/v2\/types\/page"}],"author":[{"embeddable":true,"href":"https:\/\/www.rodinux.fr\/blog\/wp-json\/wp\/v2\/users\/1"}],"replies":[{"embeddable":true,"href":"https:\/\/www.rodinux.fr\/blog\/wp-json\/wp\/v2\/comments?post=2"}],"version-history":[{"count":4,"href":"https:\/\/www.rodinux.fr\/blog\/wp-json\/wp\/v2\/pages\/2\/revisions"}],"predecessor-version":[{"id":57382,"href":"https:\/\/www.rodinux.fr\/blog\/wp-json\/wp\/v2\/pages\/2\/revisions\/57382"}],"wp:attachment":[{"href":"https:\/\/www.rodinux.fr\/blog\/wp-json\/wp\/v2\/media?parent=2"}],"curies":[{"name":"wp","href":"https:\/\/api.w.org\/{rel}","templated":true}]}}